{"id":7244,"date":"2014-01-29T11:41:33","date_gmt":"2014-01-29T11:41:33","guid":{"rendered":"http:\/\/artbees.net\/themes\/jupiter-demo\/?page_id=6139"},"modified":"2024-06-12T10:35:45","modified_gmt":"2024-06-12T10:35:45","slug":"default-homepage","status":"publish","type":"page","link":"https:\/\/www.figueirabodyboard.pt\/","title":{"rendered":"Home"},"content":{"rendered":"<div class=\"clearboth\"><\/div><\/div><\/div><div id=\"\" class=\"row-fluid full-width-3447 mk-page-section-frist  mk-video-holder mk-page-section mk-blur-parent mk-shortcode \"><div class=\"mk-grid vc_row-fluid row-fluid\"><div class=\"mk-padding-wrapper\">\n\t<div class=\"vc_span12 wpb_column column_container\">\n\t\t\t<div class=\"mk-moving-image-shortcode mk-shortcode align-center mk-animate-element scale-up \"><img decoding=\"async\" class=\"mk-floating-\" alt=\"\" title=\"\" src=\"https:\/\/www.figueirabodyboard.pt\/wordpress\/wp-content\/uploads\/2024\/05\/abfm_30anos-05-e1718186591180.png\" \/><\/div><div class=\"clearboth\"><\/div>\n\t<\/div><\/div><div class=\"clearboth\"><\/div><\/div><div class=\"clearboth\"><\/div><\/div><style type=\"text\/css\">\n                   .full-width-3447 {\n                        min-height:0px;\n                        padding:0px 0 0px;\n                        background-image:url(https:\/\/www.figueirabodyboard.pt\/wordpress\/wp-content\/uploads\/2014\/01\/bannertop.jpg); \n                        background-attachment:scroll;\n                        \n                        background-position:center center;\n                        background-repeat:repeat-x;\n                        margin-bottom:0px;\n                        \n                  }\n                 .full-width-3447 .mk-fancy-title span{\n                        background-color:  !important;\n                    }\n                 <\/style><div><div><div class=\"clearboth\"><\/div><\/div><\/div><div id=\"\" class=\"row-fluid full-width-5171  mk-video-holder mk-page-section mk-blur-parent mk-shortcode \"><div class=\"mk-grid vc_row-fluid row-fluid\"><div class=\"mk-padding-wrapper\">\n\t<div class=\"vc_span12 wpb_column column_container\">\n\t\t\t<h2 style=\"font-size: 32px;text-align:center;color: #222222;font-weight:300;margin-top:0px;margin-bottom:20px; \" id=\"fancy-title-492\" class=\"mk-shortcode mk-fancy-title simple-style \"><span style=\"\">\r\n\r\n<p>Fundada em 1994 , a ABFM comemora 30 anos.<\/p>\r\n\r\n<\/span><\/h2><div class=\"clearboth\"><\/div><h2 style=\"font-size: 15px;text-align:center;color: #808080;font-weight:normal;margin-top:5px;margin-bottom:40px; \" id=\"fancy-title-874\" class=\"mk-shortcode mk-fancy-title simple-style \"><span style=\"\">\r\n<p>livro <b>segunda casa &#8211; abfm 30 anos de uni\u00e3o<\/b><\/p><p>visita a sede da abfm e compra o livro<\/p>\r\n<p>&nbsp;<\/p>\r\n<p><img decoding=\"async\" src=\"https:\/\/www.figueirabodyboard.pt\/wordpress\/wp-content\/uploads\/2025\/03\/livro-segunda-casa.png\" alt=\"livro-site\" width=\"400\" border=\"0\"><\/p>\r\n\r\n<\/span><\/h2><div class=\"clearboth\"><\/div><h2 style=\"font-size: 15px;text-align:center;color: #808080;font-weight:normal;margin-top:5px;margin-bottom:40px; \" id=\"fancy-title-392\" class=\"mk-shortcode mk-fancy-title simple-style \"><span style=\"\">\r\n<p>Desde que nasceu, tem trabalhado para desenvolver a modalidade e defender, a n\u00edvel local e nacional, os interesses de uma comunidade que elegeu o bodyboard como o seu desporto.<\/p>\r\n\r\n<\/span><\/h2><div class=\"clearboth\"><\/div><div id=\"mk-text-block-422\"  style=\" margin-bottom:0px;text-align: left;\" class=\"mk-text-block  \">\r\n\r\n<p style=\"text-align: justify;\"><span class=\"mk-dropcaps mk-shortcode simple-style \">S<\/span>entimos orgulho, mas tamb\u00e9m humildade em tudo o que alcan\u00e7\u00e1mos, tendo consci\u00eancia de que muito mais h\u00e1 a fazer. Entr\u00e1mos neste novo s\u00e9culo com diversos objectivos em agenda, sendo disso exemplo o reconhecimento legal e comunit\u00e1rio dos nossos direitos como clube e das especificidades da modalidade, ou ainda a obten\u00e7\u00e3o do t\u00edtulo de Clube Campe\u00e3o Nacional de Bodyboard, entre muitos outros.<\/p>\r\n<p>O que fizemos no passado e o que pretendemos concretizar no futuro s\u00e3o apenas pe\u00e7as de um sonho que queremos ver tornar-se realidade. Adoramos o Bodyboard, que consideramos ser muito mais do que uma modalidade desportiva. Para n\u00f3s \u00e9 uma forma de viver, uma filosofia de vida. Somos bodyboarders de alma e cora\u00e7\u00e3o e isso ser\u00e1 sempre incontest\u00e1vel.<\/p>\r\n<p>De Bodyboarders para Bodyboarders<br \/>Boas Ondas<div class=\"clearboth\"><\/div><\/div> <div class=\"mk-button-align center\"><a href=\"https:\/\/www.figueirabodyboard.pt\/wordpress\/?page_id=2542\" target=\"_self\"  class=\"mk-button dark button-156 light-color  mk-shortcode three-dimension large \">SABER MAIS SOBRE A ABFM<\/a><\/div>\n\n<style type=\"text\/css\">\n        .button-156 {\n                background-color:#8dc63f;\n                margin-bottom: 0px;\n                margin-top: 0px;\n\n        }\n        .button-156:hover {\n                background-color:#83b83b;\n\n        }\n        .button-156.three-dimension  {\n             box-shadow: 0px 3px 0px 0px #719e32;\n        }\n        .button-156.three-dimension:active  {\n             box-shadow: 0px 1px 0px 0px #719e32;\n        }\n                <\/style><div class=\"clearboth\"><\/div><div class=\"mk-shortcode mk-padding-shortcode\" style=\"height:40px\"><\/div><div class=\"clearboth\"><\/div>\n\t<\/div><\/div><div class=\"clearboth\"><\/div><\/div><div class=\"clearboth\"><\/div><\/div><style type=\"text\/css\">\n                   .full-width-5171 {\n                        min-height:100px;\n                        padding:60px 0 30px;\n                        background-image:url(https:\/\/www.figueirabodyboard.pt\/wordpress\/wp-content\/themes\/jupiter\/images\/pattern\/12.png);\n                        background-attachment:scroll;\n                        \n                        background-position:left top;\n                        background-repeat:repeat;\n                        margin-bottom:0px;\n                        \n                  }\n                 .full-width-5171 .mk-fancy-title span{\n                        background-color:  !important;\n                    }\n                 <\/style><div><div><div class=\"clearboth\"><\/div><\/div><\/div><div id=\"\" class=\"row-fluid full-width-8139  mk-video-holder mk-page-section mk-blur-parent mk-shortcode \"><div class=\"mk-grid vc_row-fluid row-fluid\"><div class=\"mk-padding-wrapper\">\n\t<div class=\"vc_span12 wpb_column column_container\">\n\t\t\t<h2 style=\"font-size: 32px;text-align:center;color: #222222;font-weight:300;margin-top:0px;margin-bottom:20px; \" id=\"fancy-title-973\" class=\"mk-shortcode mk-fancy-title simple-style \"><span style=\"\">\r\n<p>Em destaque&#8230;<\/p>\r\n<\/span><\/h2><div class=\"clearboth\"><\/div><h2 style=\"font-size: 15px;text-align:center;color: #888888;font-weight:normal;margin-top:5px;margin-bottom:40px; \" id=\"fancy-title-442\" class=\"mk-shortcode mk-fancy-title simple-style \"><span style=\"\">\r\n<p>Acompanha aqui as personalidades que merecem refer\u00eancia entre o pessoal da Figueira<\/p>\r\n<\/span><\/h2><div class=\"clearboth\"><\/div><div class=\"wpb_row vc_row-fluid \">\n\t<div class=\"vc_span12 wpb_column column_container\">\n\t\t\t<h2 style=\"font-size: 24px;text-align:center;color: #222222;font-weight:300;margin-top:0px;margin-bottom:20px; \" id=\"fancy-title-595\" class=\"mk-shortcode mk-fancy-title simple-style \"><span style=\"\">\r\n<p>Ant\u00f3nio Fernandes<\/p>\r\n<\/span><\/h2><div class=\"clearboth\"><\/div><div id=\"mk-text-block-845\"  style=\" margin-bottom:0px;text-align: left;\" class=\"mk-text-block  \">\r\n<p style=\"text-align: justify;\" align=\"JUSTIFY\"><span style=\"color: #000000;\"><span style=\"font-family: Arial,sans-serif;\"><span style=\"font-size: small;\">Ant\u00f3nio Fernandes mais conhecido pelo &#8220;Orelhas&#8221;, \u00e9 a cara vis\u00edvel a par do Jo\u00e3o Pata do novo projecto de Surf da ABFM que come\u00e7ou acerca dum ano. J\u00e1 com um bom n\u00famero de novos surfistas no seio da ABFM fomos conhecer este surfista que tamb\u00e9m \u00e9 fot\u00f3grafo e gosta um bocado de Arte.<\/span><\/span><\/span><\/p>\r\n<div class=\"clearboth\"><\/div><\/div> <div style=\"padding: 10px 0 10px;\" class=\"mk-divider mk-shortcode divider_full_width padding_space \"><div class=\"divider-inner\"><\/div><\/div><div class=\"clearboth\"><\/div><div data-animation=\"fade\" data-smoothHeight=\"false\" data-animationSpeed=\"700\" data-slideshowSpeed=\"7000\" data-pauseOnHover=\"false\" data-controlNav=\"false\" data-directionNav=\"true\" data-isCarousel=\"false\" style=\"max-height:523px;max-width:988px;\" class=\"mk-laptop-slideshow-shortcode mk-script-call full-laptop mk-flexslider \" id=\"flexslider_3736\"><img decoding=\"async\" style=\"display:none\" class=\"mk-laptop-image\" src=\"https:\/\/www.figueirabodyboard.pt\/wordpress\/wp-content\/themes\/jupiter\/images\/laptop-full.png\" alt=\"\" \/><ul class=\"mk-flex-slides\" style=\"max-width:682px;max-height:467px;\"><li><img decoding=\"async\" alt=\"\" src=\"https:\/\/www.figueirabodyboard.pt\/wordpress\/wp-content\/uploads\/thumb-cache\/peixe-1fc7faf519b3c48b32c65fcff5484b1a-682x467-100-crop.jpg\" \/><\/li>\n\n<li><img decoding=\"async\" alt=\"\" src=\"https:\/\/www.figueirabodyboard.pt\/wordpress\/wp-content\/uploads\/thumb-cache\/Antonio-9dfbb63dee5b8abcce2b3985d735a78d-682x467-100-crop.jpg\" \/><\/li>\n\n<li><img decoding=\"async\" alt=\"\" src=\"https:\/\/www.figueirabodyboard.pt\/wordpress\/wp-content\/uploads\/thumb-cache\/Buarcos-8a0bc802a4c7a219f8e9682d9d414347-682x467-100-crop.jpg\" \/><\/li>\n\n<\/ul><\/div>\n\n\n\n<script type=\"text\/javascript\">\n        jQuery(document).ready(function() {\n                jQuery(\"#flexslider_3736\").find(\".mk-laptop-image\").fadeIn();\n        });\n        <\/script><div style=\"padding: 10px 0 10px;\" class=\"mk-divider mk-shortcode divider_full_width padding_space \"><div class=\"divider-inner\"><\/div><\/div><div class=\"clearboth\"><\/div><div id=\"mk-text-block-720\"  style=\" margin-bottom:0px;text-align: left;\" class=\"mk-text-block  \">\r\n<p align=\"JUSTIFY\"><b>&#8211; Surfista, fot\u00f3grafo ou homem das artes? <\/b>Sou um mix destas tr\u00eas defini\u00e7\u00f5es, sou essencialmente um homem do mar, a minha paix\u00e3o pelas ondas levaram-me sempre a que os meus hobbies e interesses pessoais se centrassem em torno do mar, das ondas, da praia. Serei um eterno apaixonado pelas ondas e acho que \u00e9 isso que me acalenta e motiva.<br \/>No entanto acho que agora e mais do que nunca sinto-me mais surfista, aos 40 anos sinto-me com a mesma pica da adolesc\u00eancia, por vezes at\u00e9 tenho de pedir \u00e0 minha esposa que meta o trav\u00e3o!!! ahahahahah.<\/p>\r\n<p align=\"JUSTIFY\"><b>&#8211; O que fazes na vida? <\/b>Neste preciso momento dei uma volta de 180\u00ba \u00e0 minha vida, deixei um emprego de 13 anos e resolvi investir numa \u00e1rea que me interessa bastante que \u00e9 a forma\u00e7\u00e3o Surf, estou a tirar uma P\u00f3s Gradua\u00e7\u00e3o em Surf e Performance, com o objetivo de aprender a ensinar cada vez melhor, tentando transmitir valores positivos e \u00e9ticos essenciais para se ser um bom surfista, seja no seu lado l\u00fadico ou competitivo. Para al\u00e9m disso, e de ser um marido apaixonado, sou um habitu\u00e9 nos line-ups da Figueira.<\/p>\r\n<p align=\"JUSTIFY\"><b>&#8211; Projetos futuros? <\/b>Desde Junho passado iniciei a convite do Nuno Trov\u00e3o um projeto de Forma\u00e7\u00e3o de Surf na ABFM, encontrei uma pessoa e uma institui\u00e7\u00e3o (com 20 anos de experi\u00eancia) que fala a mesma l\u00edngua que eu, a Figueira da Foz carece de novas gera\u00e7\u00f5es de surf.<br \/>Gostava de contribuir para uma linha de pensamento e forma\u00e7\u00e3o que acabasse com o estigma &#8220;a Figueira tem alto potencial&#8230;mas&#8230;&#8221;, e \u00e9 nesse sentido que estou a abra\u00e7ar com muito orgulho este projeto, que est\u00e1 a ser pensado a m\u00e9dio\/longo prazo e a ser desenvolvido \u00e0 imagem e valores similares aos que a ABFM tem enraizado no Bodyboard.<br \/>Para al\u00e9m da forma\u00e7\u00e3o espero estar envolvido com a ABFM no planeamento e realiza\u00e7\u00e3o de eventos de Surf na Figueira da Foz, que na minha opini\u00e3o, \u00e9 outro grande gap que existe, impedindo que o surf cres\u00e7a na nossa cidade. Neste momento sinto-me confort\u00e1vel para dizer que estou no caminho certo, sei que vai ser longo e trabalhoso&#8230;mas no final vai ser sempre reconfortante.<\/p>\r\n<p align=\"JUSTIFY\"><b>&#8211; Onda preferida no mundo e na Figueira? <\/b>No mundo&#8230;v\u00e1rias, mas definitivamente a onda onde j\u00e1 fui muito feliz, foi no inside corner de Uluwatu.<br \/>Na Figueira nasci e cresci a surfar Buarcos (desde o SS \u00e0 Medroa), Murtinheira, mas neste momento e desde que me mudei para a margem sul, o Cabedelo tem-me ensinado muito. Estou de cora\u00e7\u00e3o dividido&#8230;e o MN \u00e9 o meu Unic\u00f3rnio! ahahah.<\/p>\r\n<p align=\"JUSTIFY\"><b>&#8211; Faz uma rela\u00e7\u00e3o ABFM, Surf e a tua Arte. <\/b>Nesta tr\u00edade penso que existe um &#8220;denominador comum&#8221;, a magia inexplic\u00e1vel do mar. Ao longo da minha vida o surf tem-me acompanhado sempre (ou eu a ele&#8230;), todas essas viv\u00eancias e sentimentos foram-se refletindo na &#8220;minha arte&#8221;, esta, tem sido um ve\u00edculo para expressar emo\u00e7\u00f5es, formas de estar e \u00e0s vezes at\u00e9 fases da minha vida.<br \/>Com o apoio da ABFM, vejo uma janela de oportunidade para transmitir a futuras gera\u00e7\u00f5es de surf um conjunto de viv\u00eancias e aprendizagens, \u00e9 como se a ABFM viesse proporcionar um fio condutor desta viagem pelas ondas&#8230; Cresci a surfar&#8230; tantas horas no mar, ou simplesmente a olhar as ondas&#8230; agora adulto tenho a oportunidade de acompanhar e orientar todo este trajeto com outros jovens e poder transmitir-lhes um peda\u00e7o de &#8220;mim&#8221; numa Associa\u00e7\u00e3o com valores em que confio e acredito.<div class=\"clearboth\"><\/div><\/div> \n\t<\/div><\/div><div class=\"clearboth\"><\/div><div class=\"mk-shortcode mk-padding-shortcode\" style=\"height:40px\"><\/div><div class=\"clearboth\"><\/div>\n\t<\/div><\/div><div class=\"clearboth\"><\/div><\/div><div class=\"clearboth\"><\/div><\/div><style type=\"text\/css\">\n                   .full-width-8139 {\n                        min-height:50px;\n                        padding:60px 0 30px;\n                        background-image:url(https:\/\/www.figueirabodyboard.pt\/wordpress\/wp-content\/themes\/jupiter\/images\/pattern\/12.png);\n                        background-attachment:fixed;\n                        \n                        background-position:center center;\n                        background-repeat:repeat;\n                        margin-bottom:0px;\n                        border:1px solid #8dc63f;border-left:none;border-right:none;\n                  }\n                 .full-width-8139 .mk-fancy-title span{\n                        background-color:  !important;\n                    }\n                 <\/style><div><div><div class=\"clearboth\"><\/div><\/div><\/div><div id=\"\" class=\"row-fluid full-width-3695 mk-background-stretch  mk-video-holder mk-page-section mk-blur-parent mk-shortcode \"><div class=\"mk-grid vc_row-fluid row-fluid\"><div class=\"mk-padding-wrapper\">\n\t<div class=\"vc_span12 wpb_column column_container\">\n\t\t\t<h2 style=\"font-size: 32px;text-align:center;color: #ffffff;font-weight:300;margin-top:0px;margin-bottom:20px; \" id=\"fancy-title-670\" class=\"mk-shortcode mk-fancy-title simple-style \"><span style=\"\">\r\n<p>O video mais recente<\/p>\r\n<\/span><\/h2><div class=\"clearboth\"><\/div><h2 style=\"font-size: 15px;text-align:center;color: #888888;font-weight:normal;margin-top:5px;margin-bottom:40px; \" id=\"fancy-title-954\" class=\"mk-shortcode mk-fancy-title simple-style \"><span style=\"\">\r\n<p>Acompanha aqui os \u00faltimos videos do pessoal da Figueira<\/p>\r\n<\/span><\/h2><div class=\"clearboth\"><\/div><div class=\"wpb_row vc_row-fluid \">\n\t<div class=\"vc_span2 wpb_column column_container\">\n\t\t\t\n\t<\/div>\n\t<div class=\"vc_span8 wpb_column column_container\">\n\t\t\t\n\t<div class=\"wpb_video_widget \">\n\t\t<div class=\"wpb_wrapper\"><div class=\"video-container\"><iframe loading=\"lazy\" title=\"Tac\u0327a Portugal 2017\" width=\"1140\" height=\"641\" src=\"https:\/\/www.youtube.com\/embed\/zyrL5c_ZkS4?feature=oembed\" frameborder=\"0\" allow=\"accelerometer; autoplay; clipboard-write; encrypted-media; gyroscope; picture-in-picture; web-share\" referrerpolicy=\"strict-origin-when-cross-origin\" allowfullscreen><\/iframe><\/div>\n\t\t<\/div>\n\t<\/div>\n\t<\/div>\n\t<div class=\"vc_span2 wpb_column column_container\">\n\t\t\t\n\t<\/div><\/div>\n\t<\/div><\/div><div class=\"clearboth\"><\/div><\/div><div class=\"clearboth\"><\/div><\/div><style type=\"text\/css\">\n                   .full-width-3695 {\n                        min-height:50px;\n                        padding:60px 0 30px;\n                        background-image:url(https:\/\/www.figueirabodyboard.pt\/wordpress\/wp-content\/uploads\/2014\/01\/recente2.jpg); \n                        background-attachment:fixed;\n                        \n                        background-position:center center;\n                        background-repeat:no-repeat;\n                        margin-bottom:0px;\n                        \n                  }\n                 .full-width-3695 .mk-fancy-title span{\n                        background-color:  !important;\n                    }\n                 <\/style><script type=\"text\/javascript\">\n                    jQuery(document).ready(function() {\n                        if(!is_touch_device()) {\n                         jQuery(\".full-width-3695\").parallax(\"49%\", 0.5);\n                        }\n                    });\n                 <\/script><div><div><div class=\"clearboth\"><\/div><\/div><\/div><div id=\"\" class=\"row-fluid full-width-8957  mk-video-holder mk-page-section mk-blur-parent mk-shortcode \"><div class=\"mk-grid vc_row-fluid row-fluid\"><div class=\"mk-padding-wrapper\">\n\t<div class=\"vc_span12 wpb_column column_container\">\n\t\t\t<h2 style=\"font-size: 32px;text-align:center;color: #222222;font-weight:300;margin-top:0px;margin-bottom:20px; \" id=\"fancy-title-462\" class=\"mk-shortcode mk-fancy-title simple-style \"><span style=\"\">\r\n<p>Parceiros Oficiais<\/p>\r\n<\/span><\/h2><div class=\"clearboth\"><\/div><h2 style=\"font-size: 15px;text-align:center;color: #808080;font-weight:normal;margin-top:5px;margin-bottom:40px; \" id=\"fancy-title-503\" class=\"mk-shortcode mk-fancy-title simple-style \"><span style=\"\">\r\n<p>Fica a conhecer quem nos tem apoiado ao longo destes 27 anos.<\/p>\r\n<\/span><\/h2><div class=\"clearboth\"><\/div><div data-animation=\"slide\" data-easing=\"swing\" data-direction=\"horizontal\" data-smoothHeight=\"false\" data-slideshowSpeed=\"4000\" data-animationSpeed=\"500\" data-pauseOnHover=\"true\" data-controlNav=\"false\" data-directionNav=\"false\" data-isCarousel=\"true\" data-itemWidth=\"184\" data-itemMargin=\"0\" data-minItems=\"1\" data-maxItems=\"6\" data-move=\"1\" class=\"mk-clients-shortcode mk-script-call mk-flexslider mk-shortcode \"><ul class=\"mk-flex-slides\"><li><a target=\"_blank\" href=\"https:\/\/ipdj.gov.pt\/\"><div title=\"IPDJ\" class=\"client-logo\" style=\"background-image:url(https:\/\/www.figueirabodyboard.pt\/wordpress\/wp-content\/uploads\/2014\/01\/ApoioIPDJ-e1431502435908.png);  height:80px; border-color:transparent;\"><\/div><\/a><\/li><li><a target=\"_blank\" href=\"https:\/\/www.facebook.com\/larmargaridas.pt\/\"><div title=\"Margaridas\" class=\"client-logo\" style=\"background-image:url(https:\/\/www.figueirabodyboard.pt\/wordpress\/wp-content\/uploads\/2021\/04\/logo_larmargaridas_v1-e1679049977484.png);  height:80px; border-color:transparent;\"><\/div><\/a><\/li><li><a target=\"_blank\" href=\"https:\/\/www.cm-figfoz.pt\/\"><div title=\"Figueira CM\" class=\"client-logo\" style=\"background-image:url(https:\/\/www.figueirabodyboard.pt\/wordpress\/wp-content\/uploads\/2023\/03\/Logomarca_figueira-e1678972448298.png);  height:80px; border-color:transparent;\"><\/div><\/a><\/li><li><a target=\"_blank\" href=\"http:\/\/www.surfingportugal.com\/\"><div title=\"FPS\" class=\"client-logo\" style=\"background-image:url(https:\/\/www.figueirabodyboard.pt\/wordpress\/wp-content\/uploads\/2014\/01\/fps-e1431502369536.png);  height:80px; border-color:transparent;\"><\/div><\/a><\/li><li><a target=\"_blank\" href=\"http:\/\/csantiago.pt\/\"><div title=\"Clinica Santiago\" class=\"client-logo\" style=\"background-image:url(https:\/\/www.figueirabodyboard.pt\/wordpress\/wp-content\/uploads\/2014\/05\/cSantiago-e1431502256850.png);  height:80px; border-color:transparent;\"><\/div><\/a><\/li><\/ul><\/div><div data-animation=\"slide\" data-easing=\"swing\" data-direction=\"horizontal\" data-smoothHeight=\"false\" data-slideshowSpeed=\"4000\" data-animationSpeed=\"500\" data-pauseOnHover=\"true\" data-controlNav=\"false\" data-directionNav=\"false\" data-isCarousel=\"true\" data-itemWidth=\"184\" data-itemMargin=\"0\" data-minItems=\"1\" data-maxItems=\"6\" data-move=\"1\" class=\"mk-clients-shortcode mk-script-call mk-flexslider mk-shortcode \"><ul class=\"mk-flex-slides\"><li><a target=\"_blank\" href=\"https:\/\/www.facebook.com\/portofigueiradafoz\/\"><div title=\"Porto da Figueira\" class=\"client-logo\" style=\"background-image:url(https:\/\/www.figueirabodyboard.pt\/wordpress\/wp-content\/uploads\/2021\/04\/apff-logo-e1679050078324.png);  height:80px; border-color:transparent;\"><\/div><\/a><\/li><li><a target=\"_blank\" href=\"https:\/\/www.credimedia.pt\/\"><div title=\"Credimedia\" class=\"client-logo\" style=\"background-image:url(https:\/\/www.figueirabodyboard.pt\/wordpress\/wp-content\/uploads\/2018\/02\/credimedia_logo-e1518348242879.png);  height:80px; border-color:transparent;\"><\/div><\/a><\/li><li><a target=\"_blank\" href=\"http:\/\/nmdboardco.com\"><div title=\"Nomad\" class=\"client-logo\" style=\"background-image:url(https:\/\/www.figueirabodyboard.pt\/wordpress\/wp-content\/uploads\/2021\/04\/nmd-long-logo-1.png);  height:80px; border-color:transparent;\"><\/div><\/a><\/li><li><div title=\"VS\" class=\"client-logo\" style=\"background-image:url(https:\/\/www.figueirabodyboard.pt\/wordpress\/wp-content\/uploads\/2021\/04\/VS-e1619370095742.png);  height:80px; border-color:transparent;\"><\/div><\/li><li><a target=\"_blank\" href=\"https:\/\/www.facebook.com\/FozPlaza\/\"><div title=\"Plaza\" class=\"client-logo\" style=\"background-image:url(https:\/\/www.figueirabodyboard.pt\/wordpress\/wp-content\/uploads\/2014\/01\/182_FOZ-PLAZA-logofozPlazasAss_positivo-e1678972564343.png);  height:80px; border-color:transparent;\"><\/div><\/a><\/li><\/ul><\/div>\n\t<\/div><\/div><div class=\"clearboth\"><\/div><\/div><div class=\"clearboth\"><\/div><\/div><style type=\"text\/css\">\n                   .full-width-8957 {\n                        min-height:100px;\n                        padding:40px 0 10px;\n                        background-image:url(https:\/\/www.figueirabodyboard.pt\/wordpress\/wp-content\/themes\/jupiter\/images\/pattern\/12.png);\n                        background-attachment:scroll;\n                        background-color:#8dc63f;\n                        background-position:left top;\n                        background-repeat:repeat;\n                        margin-bottom:0px;\n                        border:1px solid #8dc63f;border-left:none;border-right:none;\n                  }\n                 .full-width-8957 .mk-fancy-title span{\n                        background-color: #8dc63f !important;\n                    }\n                 <\/style><div><div><div class=\"clearboth\"><\/div><\/div><\/div><div id=\"\" class=\"row-fluid full-width-4101  mk-video-holder mk-page-section mk-blur-parent mk-shortcode \"><div class=\"mk-grid vc_row-fluid row-fluid\"><div class=\"mk-padding-wrapper\">\n\t<div class=\"vc_span12 wpb_column column_container\">\n\t\t\t<h2 style=\"font-size: 32px;text-align:center;color: #333333;font-weight:300;margin-top:0px;margin-bottom:20px; \" id=\"fancy-title-716\" class=\"mk-shortcode mk-fancy-title simple-style \"><span style=\"\">\r\n<p>Queres fazer parte da ABFM? Junta-te a n\u00f3s.<\/p>\r\n<\/span><\/h2><div class=\"clearboth\"><\/div><div class=\"mk-button-align center\"><a href=\"https:\/\/www.figueirabodyboard.pt\/wordpress\/?page_id=4983\" target=\"_self\"  class=\"mk-button outline-btn-dark button-536 dark mk-shortcode outline-dimension large \"><i class=\"mk-moon-pencil-6\"><\/i>TORNA-TE S\u00d3CIO\r\n<\/a><\/div>\n\n<style type=\"text\/css\">\n        .button-536 {\n                margin-bottom: 0px;\n                margin-top: 10px;\n\n        }\n                <\/style><div class=\"clearboth\"><\/div><div class=\"mk-shortcode mk-padding-shortcode\" style=\"height:40px\"><\/div><div class=\"clearboth\"><\/div>\n\t<\/div><\/div><div class=\"clearboth\"><\/div><\/div><div class=\"clearboth\"><\/div><\/div><style type=\"text\/css\">\n                   .full-width-4101 {\n                        min-height:100px;\n                        padding:40px 0 0px;\n                        \n                        background-attachment:scroll;\n                        background-color:#8dc63f;\n                        background-position:left top;\n                        background-repeat:repeat;\n                        margin-bottom:0px;\n                        border:1px solid #8dc63f;border-left:none;border-right:none;\n                  }\n                 .full-width-4101 .mk-fancy-title span{\n                        background-color: #8dc63f !important;\n                    }\n                 <\/style><div><div>\r\n\r\n","protected":false},"excerpt":{"rendered":"","protected":false},"author":1,"featured_media":0,"parent":0,"menu_order":10,"comment_status":"closed","ping_status":"closed","template":"","meta":{"footnotes":""},"_links":{"self":[{"href":"https:\/\/www.figueirabodyboard.pt\/index.php?rest_route=\/wp\/v2\/pages\/7244"}],"collection":[{"href":"https:\/\/www.figueirabodyboard.pt\/index.php?rest_route=\/wp\/v2\/pages"}],"about":[{"href":"https:\/\/www.figueirabodyboard.pt\/index.php?rest_route=\/wp\/v2\/types\/page"}],"author":[{"embeddable":true,"href":"https:\/\/www.figueirabodyboard.pt\/index.php?rest_route=\/wp\/v2\/users\/1"}],"replies":[{"embeddable":true,"href":"https:\/\/www.figueirabodyboard.pt\/index.php?rest_route=%2Fwp%2Fv2%2Fcomments&post=7244"}],"version-history":[{"count":383,"href":"https:\/\/www.figueirabodyboard.pt\/index.php?rest_route=\/wp\/v2\/pages\/7244\/revisions"}],"predecessor-version":[{"id":9459,"href":"https:\/\/www.figueirabodyboard.pt\/index.php?rest_route=\/wp\/v2\/pages\/7244\/revisions\/9459"}],"wp:attachment":[{"href":"https:\/\/www.figueirabodyboard.pt\/index.php?rest_route=%2Fwp%2Fv2%2Fmedia&parent=7244"}],"curies":[{"name":"wp","href":"https:\/\/api.w.org\/{rel}","templated":true}]}}