{"id":6873,"date":"2014-02-02T15:53:28","date_gmt":"2014-02-02T15:53:28","guid":{"rendered":"http:\/\/artbees.net\/themes\/jupiter-demo\/?page_id=6873"},"modified":"2018-02-04T12:22:02","modified_gmt":"2018-02-04T12:22:02","slug":"galeria","status":"publish","type":"page","link":"https:\/\/www.figueirabodyboard.pt\/?page_id=6873","title":{"rendered":"Galeria"},"content":{"rendered":"<div class=\"clearboth\"><\/div><\/div><\/div><div id=\"\" class=\"row-fluid full-width-7180 mk-page-section-frist  mk-video-holder mk-page-section mk-blur-parent mk-shortcode \"><div class=\"mk-grid vc_row-fluid row-fluid\"><div class=\"mk-padding-wrapper\">\n\t<div class=\"vc_span12 wpb_column column_container\">\n\t\t\t<div class=\"portfolio-grid \"><section id=\"mk-portfolio-loop-267\" class=\"mk-portfolio-container mk-theme-loop isotop-enabled mk-portfolio-modern load-button-style \" >\n<article id=\"9216\" class=\"mk-portfolio-item mk-modern-portfolio-item mk-isotop-item portfolio-four-column portfolio-with-sidebar portfolio-image video\"><a class=\"project-load\" data-post-id=\"9216\" href=\"https:\/\/www.figueirabodyboard.pt\/?post_type=portfolio&p=9216\"><div class=\"featured-image\"><img decoding=\"async\" alt=\"Ta\u00e7a Portugal 2017\" title=\"Ta\u00e7a Portugal 2017\" src=\"https:\/\/www.figueirabodyboard.pt\/wordpress\/wp-content\/uploads\/2018\/02\/22.png\"  \/><div class=\"image-hover-overlay\"><\/div><span class=\"modern-post-type-icon\"><i class=\"mk-jupiter-icon-plus\"><\/i><\/span><div class=\"modern-portfolio-meta\"><h3 class=\"the-title\">Ta\u00e7a Portugal 2017<\/h3><div class=\"clearboth\"><\/div><div class=\"portfolio-categories\"><span>Video<\/span> <\/div><\/div><\/div><div class=\"clearboth\"><\/div><\/a><\/article>\n\n\n<article id=\"9218\" class=\"mk-portfolio-item mk-modern-portfolio-item mk-isotop-item portfolio-four-column portfolio-with-sidebar portfolio-image video\"><a class=\"project-load\" data-post-id=\"9218\" href=\"https:\/\/www.figueirabodyboard.pt\/?post_type=portfolio&p=9218\"><div class=\"featured-image\"><img decoding=\"async\" alt=\"ABFM | 3\u00aa etapa do Circuito Nacional de Bodyboard Esperan\u00e7as\" title=\"ABFM | 3\u00aa etapa do Circuito Nacional de Bodyboard Esperan\u00e7as\" src=\"https:\/\/www.figueirabodyboard.pt\/wordpress\/wp-content\/uploads\/2018\/02\/20.png\"  \/><div class=\"image-hover-overlay\"><\/div><span class=\"modern-post-type-icon\"><i class=\"mk-jupiter-icon-plus\"><\/i><\/span><div class=\"modern-portfolio-meta\"><h3 class=\"the-title\">ABFM | 3\u00aa etapa do Circuito Nacional de Bodyboard Esperan\u00e7as<\/h3><div class=\"clearboth\"><\/div><div class=\"portfolio-categories\"><span>Video<\/span> <\/div><\/div><\/div><div class=\"clearboth\"><\/div><\/a><\/article>\n\n\n<article id=\"9217\" class=\"mk-portfolio-item mk-modern-portfolio-item mk-isotop-item portfolio-four-column portfolio-with-sidebar portfolio-image video\"><a class=\"project-load\" data-post-id=\"9217\" href=\"https:\/\/www.figueirabodyboard.pt\/?post_type=portfolio&p=9217\"><div class=\"featured-image\"><img decoding=\"async\" alt=\"Ta\u00e7a de Portugal de Surfing 2016\" title=\"Ta\u00e7a de Portugal de Surfing 2016\" src=\"https:\/\/www.figueirabodyboard.pt\/wordpress\/wp-content\/uploads\/2018\/02\/21.png\"  \/><div class=\"image-hover-overlay\"><\/div><span class=\"modern-post-type-icon\"><i class=\"mk-jupiter-icon-plus\"><\/i><\/span><div class=\"modern-portfolio-meta\"><h3 class=\"the-title\">Ta\u00e7a de Portugal de Surfing 2016<\/h3><div class=\"clearboth\"><\/div><div class=\"portfolio-categories\"><span>Video<\/span> <\/div><\/div><\/div><div class=\"clearboth\"><\/div><\/a><\/article>\n\n\n<article id=\"9215\" class=\"mk-portfolio-item mk-modern-portfolio-item mk-isotop-item portfolio-four-column portfolio-with-sidebar portfolio-image video\"><a class=\"project-load\" data-post-id=\"9215\" href=\"https:\/\/www.figueirabodyboard.pt\/?post_type=portfolio&p=9215\"><div class=\"featured-image\"><img decoding=\"async\" alt=\"Figueira Stand Up Paddle Series 2015\" title=\"Figueira Stand Up Paddle Series 2015\" src=\"https:\/\/www.figueirabodyboard.pt\/wordpress\/wp-content\/uploads\/2018\/02\/23.png\"  \/><div class=\"image-hover-overlay\"><\/div><span class=\"modern-post-type-icon\"><i class=\"mk-jupiter-icon-plus\"><\/i><\/span><div class=\"modern-portfolio-meta\"><h3 class=\"the-title\">Figueira Stand Up Paddle Series 2015<\/h3><div class=\"clearboth\"><\/div><div class=\"portfolio-categories\"><span>Video<\/span> <\/div><\/div><\/div><div class=\"clearboth\"><\/div><\/a><\/article>\n\n\n<article id=\"8805\" class=\"mk-portfolio-item mk-modern-portfolio-item mk-isotop-item portfolio-four-column portfolio-with-sidebar portfolio-image video\"><a class=\"project-load\" data-post-id=\"8805\" href=\"https:\/\/www.figueirabodyboard.pt\/?post_type=portfolio&p=8805\"><div class=\"featured-image\"><img decoding=\"async\" alt=\"20 Anos ABFM &#8211; Document\u00e1rio\" title=\"20 Anos ABFM &#8211; Document\u00e1rio\" src=\"https:\/\/www.figueirabodyboard.pt\/wordpress\/wp-content\/uploads\/2014\/07\/LOGO_ABFM_site.jpg\"  \/><div class=\"image-hover-overlay\"><\/div><span class=\"modern-post-type-icon\"><i class=\"mk-jupiter-icon-plus\"><\/i><\/span><div class=\"modern-portfolio-meta\"><h3 class=\"the-title\">20 Anos ABFM &#8211; Document\u00e1rio<\/h3><div class=\"clearboth\"><\/div><div class=\"portfolio-categories\"><span>Video<\/span> <\/div><\/div><\/div><div class=\"clearboth\"><\/div><\/a><\/article>\n\n\n<article id=\"8802\" class=\"mk-portfolio-item mk-modern-portfolio-item mk-isotop-item portfolio-four-column portfolio-with-sidebar portfolio-image video\"><a class=\"project-load\" data-post-id=\"8802\" href=\"https:\/\/www.figueirabodyboard.pt\/?post_type=portfolio&p=8802\"><div class=\"featured-image\"><img decoding=\"async\" alt=\"THE FALL &#8211; Bernardo Jer\u00f3nimo EP.02\" title=\"THE FALL &#8211; Bernardo Jer\u00f3nimo EP.02\" src=\"https:\/\/www.figueirabodyboard.pt\/wordpress\/wp-content\/uploads\/2015\/06\/18.jpg\"  \/><div class=\"image-hover-overlay\"><\/div><span class=\"modern-post-type-icon\"><i class=\"mk-jupiter-icon-plus\"><\/i><\/span><div class=\"modern-portfolio-meta\"><h3 class=\"the-title\">THE FALL &#8211; Bernardo Jer\u00f3nimo EP.02<\/h3><div class=\"clearboth\"><\/div><div class=\"portfolio-categories\"><span>Video<\/span> <\/div><\/div><\/div><div class=\"clearboth\"><\/div><\/a><\/article>\n\n\n<article id=\"8778\" class=\"mk-portfolio-item mk-modern-portfolio-item mk-isotop-item portfolio-four-column portfolio-with-sidebar portfolio-image video\"><a class=\"project-load\" data-post-id=\"8778\" href=\"https:\/\/www.figueirabodyboard.pt\/?post_type=portfolio&p=8778\"><div class=\"featured-image\"><img decoding=\"async\" alt=\"O VELHO E O MAR\" title=\"O VELHO E O MAR\" src=\"https:\/\/www.figueirabodyboard.pt\/wordpress\/wp-content\/uploads\/2014\/05\/17.png\"  \/><div class=\"image-hover-overlay\"><\/div><span class=\"modern-post-type-icon\"><i class=\"mk-jupiter-icon-plus\"><\/i><\/span><div class=\"modern-portfolio-meta\"><h3 class=\"the-title\">O VELHO E O MAR<\/h3><div class=\"clearboth\"><\/div><div class=\"portfolio-categories\"><span>Video<\/span> <\/div><\/div><\/div><div class=\"clearboth\"><\/div><\/a><\/article>\n\n\n<article id=\"8432\" class=\"mk-portfolio-item mk-modern-portfolio-item mk-isotop-item portfolio-four-column portfolio-with-sidebar portfolio-image video\"><a class=\"project-load\" data-post-id=\"8432\" href=\"https:\/\/www.figueirabodyboard.pt\/?post_type=portfolio&p=8432\"><div class=\"featured-image\"><img decoding=\"async\" alt=\"Bernardo Jer\u00f3nimo Ep. 1\" title=\"Bernardo Jer\u00f3nimo Ep. 1\" src=\"https:\/\/www.figueirabodyboard.pt\/wordpress\/wp-content\/uploads\/2014\/02\/8.jpg\"  \/><div class=\"image-hover-overlay\"><\/div><span class=\"modern-post-type-icon\"><i class=\"mk-jupiter-icon-plus\"><\/i><\/span><div class=\"modern-portfolio-meta\"><h3 class=\"the-title\">Bernardo Jer\u00f3nimo Ep. 1<\/h3><div class=\"clearboth\"><\/div><div class=\"portfolio-categories\"><span>Video<\/span> <\/div><\/div><\/div><div class=\"clearboth\"><\/div><\/a><\/article>\n\n\n<article id=\"8441\" class=\"mk-portfolio-item mk-modern-portfolio-item mk-isotop-item portfolio-four-column portfolio-with-sidebar portfolio-image video\"><a class=\"project-load\" data-post-id=\"8441\" href=\"https:\/\/www.figueirabodyboard.pt\/?post_type=portfolio&p=8441\"><div class=\"featured-image\"><img decoding=\"async\" alt=\"The Bela Arte: Chapter Nine &#8220;The perfect geometry of peaks and triangles&#8221;\" title=\"The Bela Arte: Chapter Nine &#8220;The perfect geometry of peaks and triangles&#8221;\" src=\"https:\/\/www.figueirabodyboard.pt\/wordpress\/wp-content\/uploads\/2014\/02\/12.jpg\"  \/><div class=\"image-hover-overlay\"><\/div><span class=\"modern-post-type-icon\"><i class=\"mk-jupiter-icon-plus\"><\/i><\/span><div class=\"modern-portfolio-meta\"><h3 class=\"the-title\">The Bela Arte: Chapter Nine &#8220;The perfect geometry of peaks and triangles&#8221;<\/h3><div class=\"clearboth\"><\/div><div class=\"portfolio-categories\"><span>Video<\/span> <\/div><\/div><\/div><div class=\"clearboth\"><\/div><\/a><\/article>\n\n\n<article id=\"8429\" class=\"mk-portfolio-item mk-modern-portfolio-item mk-isotop-item portfolio-four-column portfolio-with-sidebar portfolio-image video\"><a class=\"project-load\" data-post-id=\"8429\" href=\"https:\/\/www.figueirabodyboard.pt\/?post_type=portfolio&p=8429\"><div class=\"featured-image\"><img decoding=\"async\" alt=\"SLEDGEHAMMER\" title=\"SLEDGEHAMMER\" src=\"https:\/\/www.figueirabodyboard.pt\/wordpress\/wp-content\/uploads\/2014\/02\/7.jpg\"  \/><div class=\"image-hover-overlay\"><\/div><span class=\"modern-post-type-icon\"><i class=\"mk-jupiter-icon-plus\"><\/i><\/span><div class=\"modern-portfolio-meta\"><h3 class=\"the-title\">SLEDGEHAMMER<\/h3><div class=\"clearboth\"><\/div><div class=\"portfolio-categories\"><span>Video<\/span> <\/div><\/div><\/div><div class=\"clearboth\"><\/div><\/a><\/article>\n\n\n<article id=\"8427\" class=\"mk-portfolio-item mk-modern-portfolio-item mk-isotop-item portfolio-four-column portfolio-with-sidebar portfolio-image video\"><a class=\"project-load\" data-post-id=\"8427\" href=\"https:\/\/www.figueirabodyboard.pt\/?post_type=portfolio&p=8427\"><div class=\"featured-image\"><img decoding=\"async\" alt=\"F\u00e1bio &#8221; Marreta&#8221; Laureano &#8211; Nazar\u00e9, Portugal 2013\" title=\"F\u00e1bio &#8221; Marreta&#8221; Laureano &#8211; Nazar\u00e9, Portugal 2013\" src=\"https:\/\/www.figueirabodyboard.pt\/wordpress\/wp-content\/uploads\/2014\/02\/6.jpg\"  \/><div class=\"image-hover-overlay\"><\/div><span class=\"modern-post-type-icon\"><i class=\"mk-jupiter-icon-plus\"><\/i><\/span><div class=\"modern-portfolio-meta\"><h3 class=\"the-title\">F\u00e1bio &#8221; Marreta&#8221; Laureano &#8211; Nazar\u00e9, Portugal 2013<\/h3><div class=\"clearboth\"><\/div><div class=\"portfolio-categories\"><span>Video<\/span> <\/div><\/div><\/div><div class=\"clearboth\"><\/div><\/a><\/article>\n\n\n<article id=\"8174\" class=\"mk-portfolio-item mk-modern-portfolio-item mk-isotop-item portfolio-four-column portfolio-with-sidebar portfolio-image video\"><a class=\"project-load\" data-post-id=\"8174\" href=\"https:\/\/www.figueirabodyboard.pt\/?post_type=portfolio&p=8174\"><div class=\"featured-image\"><img decoding=\"async\" alt=\"Uma manh\u00e3 no s\u00edtio do costume\" title=\"Uma manh\u00e3 no s\u00edtio do costume\" src=\"https:\/\/www.figueirabodyboard.pt\/wordpress\/wp-content\/uploads\/2014\/02\/1.jpg\"  \/><div class=\"image-hover-overlay\"><\/div><span class=\"modern-post-type-icon\"><i class=\"mk-jupiter-icon-plus\"><\/i><\/span><div class=\"modern-portfolio-meta\"><h3 class=\"the-title\">Uma manh\u00e3 no s\u00edtio do costume<\/h3><div class=\"clearboth\"><\/div><div class=\"portfolio-categories\"><span>Video<\/span> <\/div><\/div><\/div><div class=\"clearboth\"><\/div><\/a><\/article>\n\n\n<article id=\"8163\" class=\"mk-portfolio-item mk-modern-portfolio-item mk-isotop-item portfolio-four-column portfolio-with-sidebar portfolio-image video\"><a class=\"project-load\" data-post-id=\"8163\" href=\"https:\/\/www.figueirabodyboard.pt\/?post_type=portfolio&p=8163\"><div class=\"featured-image\"><img decoding=\"async\" alt=\"FAMILIA PODCASTS EP.05 &#8211; Cabedelo Muito Devagarinho\" title=\"FAMILIA PODCASTS EP.05 &#8211; Cabedelo Muito Devagarinho\" src=\"https:\/\/www.figueirabodyboard.pt\/wordpress\/wp-content\/uploads\/2014\/02\/2.jpg\"  \/><div class=\"image-hover-overlay\"><\/div><span class=\"modern-post-type-icon\"><i class=\"mk-jupiter-icon-plus\"><\/i><\/span><div class=\"modern-portfolio-meta\"><h3 class=\"the-title\">FAMILIA PODCASTS EP.05 &#8211; Cabedelo Muito Devagarinho<\/h3><div class=\"clearboth\"><\/div><div class=\"portfolio-categories\"><span>Video<\/span> <\/div><\/div><\/div><div class=\"clearboth\"><\/div><\/a><\/article>\n\n\n<article id=\"8164\" class=\"mk-portfolio-item mk-modern-portfolio-item mk-isotop-item portfolio-four-column portfolio-with-sidebar portfolio-image video\"><a class=\"project-load\" data-post-id=\"8164\" href=\"https:\/\/www.figueirabodyboard.pt\/?post_type=portfolio&p=8164\"><div class=\"featured-image\"><img decoding=\"async\" alt=\"3 Dias M\u00e1gicos em Portugal\" title=\"3 Dias M\u00e1gicos em Portugal\" src=\"https:\/\/www.figueirabodyboard.pt\/wordpress\/wp-content\/uploads\/2014\/02\/5.jpg\"  \/><div class=\"image-hover-overlay\"><\/div><span class=\"modern-post-type-icon\"><i class=\"mk-jupiter-icon-plus\"><\/i><\/span><div class=\"modern-portfolio-meta\"><h3 class=\"the-title\">3 Dias M\u00e1gicos em Portugal<\/h3><div class=\"clearboth\"><\/div><div class=\"portfolio-categories\"><span>Video<\/span> <\/div><\/div><\/div><div class=\"clearboth\"><\/div><\/a><\/article>\n\n\n<article id=\"8322\" class=\"mk-portfolio-item mk-modern-portfolio-item mk-isotop-item portfolio-four-column portfolio-with-sidebar portfolio-image video\"><a class=\"project-load\" data-post-id=\"8322\" href=\"https:\/\/www.figueirabodyboard.pt\/?post_type=portfolio&p=8322\"><div class=\"featured-image\"><img decoding=\"async\" alt=\"FAMILIA PODCASTS EP.04 &#8211; Porkito Armstrong\" title=\"FAMILIA PODCASTS EP.04 &#8211; Porkito Armstrong\" src=\"https:\/\/www.figueirabodyboard.pt\/wordpress\/wp-content\/uploads\/2014\/02\/3.jpg\"  \/><div class=\"image-hover-overlay\"><\/div><span class=\"modern-post-type-icon\"><i class=\"mk-jupiter-icon-plus\"><\/i><\/span><div class=\"modern-portfolio-meta\"><h3 class=\"the-title\">FAMILIA PODCASTS EP.04 &#8211; Porkito Armstrong<\/h3><div class=\"clearboth\"><\/div><div class=\"portfolio-categories\"><span>Video<\/span> <\/div><\/div><\/div><div class=\"clearboth\"><\/div><\/a><\/article>\n\n\n<article id=\"8308\" class=\"mk-portfolio-item mk-modern-portfolio-item mk-isotop-item portfolio-four-column portfolio-with-sidebar portfolio-image video\"><a class=\"project-load\" data-post-id=\"8308\" href=\"https:\/\/www.figueirabodyboard.pt\/?post_type=portfolio&p=8308\"><div class=\"featured-image\"><img decoding=\"async\" alt=\"Miguel Ad\u00e3o &#8211; My first Hawaii\" title=\"Miguel Ad\u00e3o &#8211; My first Hawaii\" src=\"https:\/\/www.figueirabodyboard.pt\/wordpress\/wp-content\/uploads\/2014\/02\/4.jpg\"  \/><div class=\"image-hover-overlay\"><\/div><span class=\"modern-post-type-icon\"><i class=\"mk-jupiter-icon-plus\"><\/i><\/span><div class=\"modern-portfolio-meta\"><h3 class=\"the-title\">Miguel Ad\u00e3o &#8211; My first Hawaii<\/h3><div class=\"clearboth\"><\/div><div class=\"portfolio-categories\"><span>Video<\/span> <\/div><\/div><\/div><div class=\"clearboth\"><\/div><\/a><\/article>\n\n\n<article id=\"8435\" class=\"mk-portfolio-item mk-modern-portfolio-item mk-isotop-item portfolio-four-column portfolio-with-sidebar portfolio-image video\"><a class=\"project-load\" data-post-id=\"8435\" href=\"https:\/\/www.figueirabodyboard.pt\/?post_type=portfolio&p=8435\"><div class=\"featured-image\"><img decoding=\"async\" alt=\"FAMILIA PODCASTS EP.03 &#8211; Xouri\u00e7o Obikwelu\" title=\"FAMILIA PODCASTS EP.03 &#8211; Xouri\u00e7o Obikwelu\" src=\"https:\/\/www.figueirabodyboard.pt\/wordpress\/wp-content\/uploads\/2014\/02\/9.jpg\"  \/><div class=\"image-hover-overlay\"><\/div><span class=\"modern-post-type-icon\"><i class=\"mk-jupiter-icon-plus\"><\/i><\/span><div class=\"modern-portfolio-meta\"><h3 class=\"the-title\">FAMILIA PODCASTS EP.03 &#8211; Xouri\u00e7o Obikwelu<\/h3><div class=\"clearboth\"><\/div><div class=\"portfolio-categories\"><span>Video<\/span> <\/div><\/div><\/div><div class=\"clearboth\"><\/div><\/a><\/article>\n\n\n<article id=\"8437\" class=\"mk-portfolio-item mk-modern-portfolio-item mk-isotop-item portfolio-four-column portfolio-with-sidebar portfolio-image video\"><a class=\"project-load\" data-post-id=\"8437\" href=\"https:\/\/www.figueirabodyboard.pt\/?post_type=portfolio&p=8437\"><div class=\"featured-image\"><img decoding=\"async\" alt=\"FAMILIA PODCASTS EP.02 &#8211; Porkito Morreu\" title=\"FAMILIA PODCASTS EP.02 &#8211; Porkito Morreu\" src=\"https:\/\/www.figueirabodyboard.pt\/wordpress\/wp-content\/uploads\/2014\/02\/10.jpg\"  \/><div class=\"image-hover-overlay\"><\/div><span class=\"modern-post-type-icon\"><i class=\"mk-jupiter-icon-plus\"><\/i><\/span><div class=\"modern-portfolio-meta\"><h3 class=\"the-title\">FAMILIA PODCASTS EP.02 &#8211; Porkito Morreu<\/h3><div class=\"clearboth\"><\/div><div class=\"portfolio-categories\"><span>Video<\/span> <\/div><\/div><\/div><div class=\"clearboth\"><\/div><\/a><\/article>\n\n\n<article id=\"8439\" class=\"mk-portfolio-item mk-modern-portfolio-item mk-isotop-item portfolio-four-column portfolio-with-sidebar portfolio-image video\"><a class=\"project-load\" data-post-id=\"8439\" href=\"https:\/\/www.figueirabodyboard.pt\/?post_type=portfolio&p=8439\"><div class=\"featured-image\"><img decoding=\"async\" alt=\"FAMILIA PODCASTS EP.01 &#8211; Porkito Drag\u00e3o\" title=\"FAMILIA PODCASTS EP.01 &#8211; Porkito Drag\u00e3o\" src=\"https:\/\/www.figueirabodyboard.pt\/wordpress\/wp-content\/uploads\/2014\/02\/11.jpg\"  \/><div class=\"image-hover-overlay\"><\/div><span class=\"modern-post-type-icon\"><i class=\"mk-jupiter-icon-plus\"><\/i><\/span><div class=\"modern-portfolio-meta\"><h3 class=\"the-title\">FAMILIA PODCASTS EP.01 &#8211; Porkito Drag\u00e3o<\/h3><div class=\"clearboth\"><\/div><div class=\"portfolio-categories\"><span>Video<\/span> <\/div><\/div><\/div><div class=\"clearboth\"><\/div><\/a><\/article>\n\n\n<article id=\"8518\" class=\"mk-portfolio-item mk-modern-portfolio-item mk-isotop-item portfolio-four-column portfolio-with-sidebar portfolio-image video\"><a class=\"project-load\" data-post-id=\"8518\" href=\"https:\/\/www.figueirabodyboard.pt\/?post_type=portfolio&p=8518\"><div class=\"featured-image\"><img decoding=\"async\" alt=\"Miguel Ad\u00e3o &#8211; Daydream\" title=\"Miguel Ad\u00e3o &#8211; Daydream\" src=\"https:\/\/www.figueirabodyboard.pt\/wordpress\/wp-content\/uploads\/2014\/02\/13.jpg\"  \/><div class=\"image-hover-overlay\"><\/div><span class=\"modern-post-type-icon\"><i class=\"mk-jupiter-icon-plus\"><\/i><\/span><div class=\"modern-portfolio-meta\"><h3 class=\"the-title\">Miguel Ad\u00e3o &#8211; Daydream<\/h3><div class=\"clearboth\"><\/div><div class=\"portfolio-categories\"><span>Video<\/span> <\/div><\/div><\/div><div class=\"clearboth\"><\/div><\/a><\/article>\n\n\n<article id=\"8524\" class=\"mk-portfolio-item mk-modern-portfolio-item mk-isotop-item portfolio-four-column portfolio-with-sidebar portfolio-image video\"><a class=\"project-load\" data-post-id=\"8524\" href=\"https:\/\/www.figueirabodyboard.pt\/?post_type=portfolio&p=8524\"><div class=\"featured-image\"><img decoding=\"async\" alt=\"Bernardo Jer\u00f3nimo &#8211; Lift You Up\" title=\"Bernardo Jer\u00f3nimo &#8211; Lift You Up\" src=\"https:\/\/www.figueirabodyboard.pt\/wordpress\/wp-content\/uploads\/2014\/02\/14.jpg\"  \/><div class=\"image-hover-overlay\"><\/div><span class=\"modern-post-type-icon\"><i class=\"mk-jupiter-icon-plus\"><\/i><\/span><div class=\"modern-portfolio-meta\"><h3 class=\"the-title\">Bernardo Jer\u00f3nimo &#8211; Lift You Up<\/h3><div class=\"clearboth\"><\/div><div class=\"portfolio-categories\"><span>Video<\/span> <\/div><\/div><\/div><div class=\"clearboth\"><\/div><\/a><\/article>\n\n\n<article id=\"8525\" class=\"mk-portfolio-item mk-modern-portfolio-item mk-isotop-item portfolio-four-column portfolio-with-sidebar portfolio-image video\"><a class=\"project-load\" data-post-id=\"8525\" href=\"https:\/\/www.figueirabodyboard.pt\/?post_type=portfolio&p=8525\"><div class=\"featured-image\"><img decoding=\"async\" alt=\"Jaime Jesus\" title=\"Jaime Jesus\" src=\"https:\/\/www.figueirabodyboard.pt\/wordpress\/wp-content\/uploads\/2014\/02\/15.jpg\"  \/><div class=\"image-hover-overlay\"><\/div><span class=\"modern-post-type-icon\"><i class=\"mk-jupiter-icon-plus\"><\/i><\/span><div class=\"modern-portfolio-meta\"><h3 class=\"the-title\">Jaime Jesus<\/h3><div class=\"clearboth\"><\/div><div class=\"portfolio-categories\"><span>Video<\/span> <\/div><\/div><\/div><div class=\"clearboth\"><\/div><\/a><\/article>\n\n\n<\/section><div class=\"clearboth\"><\/div>\n\n<a class=\"mk-loadmore-button\" style=\"display:none;\" href=\"#\"><i class=\"mk-moon-loop-4\"><\/i><i class=\"mk-moon-arrow-down-4\"><\/i>Ver mais<\/a><\/div>\n\t<\/div><\/div><div class=\"clearboth\"><\/div><\/div><div class=\"clearboth\"><\/div><\/div><style type=\"text\/css\">\n                   .full-width-7180 {\n                        min-height:100px;\n                        padding:40px 0 40px;\n                        \n                        background-attachment:scroll;\n                        \n                        background-position:left top;\n                        background-repeat:repeat;\n                        margin-bottom:0px;\n                        \n                  }\n                 .full-width-7180 .mk-fancy-title span{\n                        background-color:  !important;\n                    }\n                 <\/style><div><div>\n","protected":false},"excerpt":{"rendered":"Info Desta vez, deixo-vos com o profile do Jaime Jesus, com imagens no Cabedelo, Figueira da Foz e Praia Norte, Nazar\u00e9. Quero agradecer a colabora\u00e7\u00e3o do Samuel Patr\u00e3o, Pedro Cruz, [...]","protected":false},"author":1,"featured_media":0,"parent":0,"menu_order":1,"comment_status":"closed","ping_status":"closed","template":"","meta":{"footnotes":""},"_links":{"self":[{"href":"https:\/\/www.figueirabodyboard.pt\/index.php?rest_route=\/wp\/v2\/pages\/6873"}],"collection":[{"href":"https:\/\/www.figueirabodyboard.pt\/index.php?rest_route=\/wp\/v2\/pages"}],"about":[{"href":"https:\/\/www.figueirabodyboard.pt\/index.php?rest_route=\/wp\/v2\/types\/page"}],"author":[{"embeddable":true,"href":"https:\/\/www.figueirabodyboard.pt\/index.php?rest_route=\/wp\/v2\/users\/1"}],"replies":[{"embeddable":true,"href":"https:\/\/www.figueirabodyboard.pt\/index.php?rest_route=%2Fwp%2Fv2%2Fcomments&post=6873"}],"version-history":[{"count":24,"href":"https:\/\/www.figueirabodyboard.pt\/index.php?rest_route=\/wp\/v2\/pages\/6873\/revisions"}],"predecessor-version":[{"id":8304,"href":"https:\/\/www.figueirabodyboard.pt\/index.php?rest_route=\/wp\/v2\/pages\/6873\/revisions\/8304"}],"wp:attachment":[{"href":"https:\/\/www.figueirabodyboard.pt\/index.php?rest_route=%2Fwp%2Fv2%2Fmedia&parent=6873"}],"curies":[{"name":"wp","href":"https:\/\/api.w.org\/{rel}","templated":true}]}}