{"id":3135,"date":"2014-01-29T02:34:05","date_gmt":"2014-01-29T02:34:05","guid":{"rendered":"http:\/\/localhost:8888\/jupiter\/?page_id=3135"},"modified":"2023-03-16T13:02:14","modified_gmt":"2023-03-16T13:02:14","slug":"contact-us-2","status":"publish","type":"page","link":"https:\/\/www.figueirabodyboard.pt\/?page_id=3135","title":{"rendered":"Contactos"},"content":{"rendered":"<div class=\"wpb_row vc_row-fluid \">\n\t<div class=\"vc_span12 wpb_column column_container\">\n\t\t\t<h1 style=\"font-size: 24px;text-align:center;color: #222222;font-weight:inhert;margin-top:0px;margin-bottom:25px; \" id=\"fancy-title-722\" class=\"mk-shortcode mk-fancy-title simple-style \"><span style=\"\">\n<p>Quer saber mais sobre a ABFM? Contacte-nos!<\/p>\n<\/span><\/h1><div class=\"clearboth\"><\/div>\n\t<\/div><\/div><div class=\"clearboth\"><\/div><\/div><\/div><div id=\"\" class=\"row-fluid full-width-8204  mk-video-holder mk-page-section mk-blur-parent mk-shortcode \"><div class=\"mk-grid vc_row-fluid row-fluid\"><div class=\"mk-padding-wrapper\">\n\t<div class=\"vc_span6 wpb_column column_container\">\n\t\t\t<h1 style=\"font-size: 20px;text-align:left;color: #222222;font-weight:normal;margin-top:0px;margin-bottom:20px; \" id=\"fancy-title-513\" class=\"mk-shortcode mk-fancy-title simple-style \"><span style=\"\">\n<p>Envie-nos a sua mensagem<\/p>\n<\/span><\/h1><div class=\"clearboth\"><\/div><div style=\"padding: 0px 0 20px;\" class=\"mk-divider mk-shortcode divider_full_width single_dotted \"><div class=\"divider-inner\"><\/div><\/div><div class=\"clearboth\"><\/div>[contact-form-7 id=&#8221;7335&#8243;]\n\t<\/div>\n\t<div class=\"vc_span6 wpb_column column_container\">\n\t\t\t<h1 style=\"font-size: 20px;text-align:left;color: #222222;font-weight:normal;margin-top:0px;margin-bottom:20px; \" id=\"fancy-title-154\" class=\"mk-shortcode mk-fancy-title simple-style \"><span style=\"\">\n<p>Outras formas de contacto<\/p>\n<\/span><\/h1><div class=\"clearboth\"><\/div><div style=\"padding: 0px 0 20px;\" class=\"mk-divider mk-shortcode divider_full_width single_dotted \"><div class=\"divider-inner\"><\/div><\/div><div class=\"clearboth\"><\/div><h1 style=\"font-size: 14px;text-align:left;color: #393836;font-weight:inhert;margin-top:0px;margin-bottom:10px; \" id=\"fancy-title-493\" class=\"mk-shortcode mk-fancy-title simple-style \"><span style=\"\">\n<p>Contactos<\/p>\n<\/span><\/h1><div class=\"clearboth\"><\/div><div class=\"widget_contact_info mk-contactinfo-shortcode\"><ul><li><i class=\"mk-icon-home\"><\/i><span>Rua do Mar, 3090-667 Figueira da Foz, Portugal<\/span><\/li><li><i class=\"mk-icon-phone\"><\/i><span>(+351) 233 011 236<\/span><\/li><li><i class=\"mk-icon-envelope-alt\"><\/i><span><a href=\"mailto:&#102;i&#103;&#117;&#101;&#105;&#114;&#97;&#98;&#111;d&#121;b&#111;&#97;&#114;&#100;&#64;&#103;mail.&#99;om\">&#102;ig&#117;eirabo&#100;yb&#111;&#97;&#114;d&#64;&#103;&#109;ail.c&#111;&#109;<\/a><\/span><\/li><\/ul><\/div><div style=\"padding: 0px 0 20px;\" class=\"mk-divider mk-shortcode divider_full_width thin_solid \"><div class=\"divider-inner\"><\/div><\/div><div class=\"clearboth\"><\/div><h1 style=\"font-size: 14px;text-align:left;color: #393836;font-weight:inhert;margin-top:0px;margin-bottom:12px; \" id=\"fancy-title-902\" class=\"mk-shortcode mk-fancy-title simple-style \"><span style=\"\">\n<p>Escola de BB, Surf &amp; Stand Up Paddle<\/p>\n<\/span><\/h1><div class=\"clearboth\"><\/div><div id=\"mk-text-block-836\"  style=\" margin-bottom:0px;text-align: left;\" class=\"mk-text-block  \">Para saber mais sobre Pre\u00e7os e Condi\u00e7\u00f5es<br \/>\n<strong><a title=\"Escola de BB &amp; Surf\" href=\"https:\/\/www.figueirabodyboard.pt\/?page_id=7836\">Clique aqui<\/a><br \/>\n<\/strong><div class=\"clearboth\"><\/div><\/div> <div style=\"padding: 20px 0 20px;\" class=\"mk-divider mk-shortcode divider_full_width thin_solid \"><div class=\"divider-inner\"><\/div><\/div><div class=\"clearboth\"><\/div><h1 style=\"font-size: 14px;text-align:left;color: #393836;font-weight:inhert;margin-top:0px;margin-bottom:12px; \" id=\"fancy-title-146\" class=\"mk-shortcode mk-fancy-title simple-style \"><span style=\"\">\n<p>Como ser s\u00f3cio da ABFM?<\/p>\n<\/span><\/h1><div class=\"clearboth\"><\/div><div id=\"mk-text-block-533\"  style=\" margin-bottom:0px;text-align: left;\" class=\"mk-text-block  \">Para saber mais sobre Pre\u00e7os e Condi\u00e7\u00f5es<br \/>\n<strong><a title=\"Ser S\u00f3cio\" href=\"https:\/\/www.figueirabodyboard.pt\/?page_id=4983\">Clique aqui<\/a><br \/>\n<\/strong><div class=\"clearboth\"><\/div><\/div> \n\t<\/div><\/div><div class=\"clearboth\"><\/div><\/div><div class=\"clearboth\"><\/div><\/div><style type=\"text\/css\">\n                   .full-width-8204 {\n                        min-height:100px;\n                        padding:40px 0 20px;\n                        \n                        background-attachment:scroll;\n                        \n                        background-position:left top;\n                        background-repeat:repeat;\n                        margin-bottom:0px;\n                        \n                  }\n                 .full-width-8204 .mk-fancy-title span{\n                        background-color:  !important;\n                    }\n                 <\/style><div><div>\n","protected":false},"excerpt":{"rendered":"Quer saber mais sobre a ABFM? Contacte-nos! Envie-nos a sua mensagem [contact-form-7 id=\"7335\"] Outras formas de contacto Contactos Rua do Mar, 3090-667 Figueira da Foz, Portugal(+351) 233 011 236f&#105;gu&#101;ira&#98;od&#121;&#98;&#111;&#97;rd&#64;&#103;&#109;&#97;il.co&#109; Escola [...]","protected":false},"author":1,"featured_media":0,"parent":0,"menu_order":11,"comment_status":"open","ping_status":"closed","template":"","meta":{"footnotes":""},"_links":{"self":[{"href":"https:\/\/www.figueirabodyboard.pt\/index.php?rest_route=\/wp\/v2\/pages\/3135"}],"collection":[{"href":"https:\/\/www.figueirabodyboard.pt\/index.php?rest_route=\/wp\/v2\/pages"}],"about":[{"href":"https:\/\/www.figueirabodyboard.pt\/index.php?rest_route=\/wp\/v2\/types\/page"}],"author":[{"embeddable":true,"href":"https:\/\/www.figueirabodyboard.pt\/index.php?rest_route=\/wp\/v2\/users\/1"}],"replies":[{"embeddable":true,"href":"https:\/\/www.figueirabodyboard.pt\/index.php?rest_route=%2Fwp%2Fv2%2Fcomments&post=3135"}],"version-history":[{"count":63,"href":"https:\/\/www.figueirabodyboard.pt\/index.php?rest_route=\/wp\/v2\/pages\/3135\/revisions"}],"predecessor-version":[{"id":9419,"href":"https:\/\/www.figueirabodyboard.pt\/index.php?rest_route=\/wp\/v2\/pages\/3135\/revisions\/9419"}],"wp:attachment":[{"href":"https:\/\/www.figueirabodyboard.pt\/index.php?rest_route=%2Fwp%2Fv2%2Fmedia&parent=3135"}],"curies":[{"name":"wp","href":"https:\/\/api.w.org\/{rel}","templated":true}]}}